{"id":3623,"date":"2021-05-04T05:26:16","date_gmt":"2021-05-04T05:26:16","guid":{"rendered":"https:\/\/preview.tutorlms.com\/marketplace\/?page_id=3623"},"modified":"2024-03-04T20:10:31","modified_gmt":"2024-03-04T20:10:31","slug":"terms-and-conditions","status":"publish","type":"page","link":"https:\/\/openlab.com.ar\/evo\/terms-and-conditions\/","title":{"rendered":"Terms and Conditions"},"content":{"rendered":"\t\t<div data-elementor-type=\"wp-page\" data-elementor-id=\"3623\" class=\"elementor elementor-3623\" data-elementor-post-type=\"page\">\n\t\t\t\t<div class=\"elementor-element elementor-element-10f70f7c e-flex e-con-boxed e-con e-parent\" data-id=\"10f70f7c\" data-element_type=\"container\" data-e-type=\"container\">\n\t\t\t\t\t<div class=\"e-con-inner\">\n\t\t\t\t<div class=\"elementor-element elementor-element-64953e45 elementor-widget elementor-widget-text-editor\" data-id=\"64953e45\" data-element_type=\"widget\" data-e-type=\"widget\" data-widget_type=\"text-editor.default\">\n\t\t\t\t<div class=\"elementor-widget-container\">\n\t\t\t\t\t\t\t\t\t<p>T\u00e9rminos y Condiciones de Uso de la Plataforma de Cursos Online<\/p><p>1. Aceptaci\u00f3n de los T\u00e9rminos<\/p><p>Al acceder y utilizar la plataforma de cursos online proporcionada por Openlab, en adelante \u00abnosotros\u00bb o \u00abla plataforma\u00bb, aceptas todos los t\u00e9rminos y condiciones establecidos en este documento. Si no est\u00e1s de acuerdo con estos t\u00e9rminos, por favor, abstente de utilizar nuestros servicios.<\/p><p>2. Registro y Cuenta de Usuario<\/p><p>Para acceder a ciertos cursos y funciones de la plataforma, puede ser necesario que te registres y crees una cuenta de usuario. Debes proporcionar informaci\u00f3n precisa, completa y actualizada durante el proceso de registro, y eres responsable de mantener la confidencialidad de tus credenciales de inicio de sesi\u00f3n. Cualquier actividad realizada bajo tu cuenta ser\u00e1 tu responsabilidad.<\/p><p>3. Propiedad Intelectual<\/p><p>Todo el contenido disponible en la plataforma, incluidos los cursos, materiales did\u00e1cticos, videos, recursos y cualquier contenido generado por el usuario, est\u00e1n protegidos por derechos de autor y otras leyes de propiedad intelectual. No est\u00e1 permitido copiar, distribuir, transmitir o modificar dicho contenido sin autorizaci\u00f3n previa por escrito de los propietarios de los derechos de autor.<\/p><p>4. Uso Adecuado<\/p><p>Al utilizar nuestra plataforma, te comprometes a no realizar actividades que puedan da\u00f1ar, deshabilitar o sobrecargar nuestros servidores, o interferir con el uso y disfrute de la plataforma por parte de otros usuarios. Esto incluye, entre otros, el env\u00edo de spam, la difusi\u00f3n de virus o el intento de acceder a cuentas de otros usuarios sin autorizaci\u00f3n.<\/p><p>5. Cancelaci\u00f3n y Reembolsos<\/p><p>Nos reservamos el derecho de cancelar, suspender o modificar cualquier curso o funci\u00f3n de la plataforma en cualquier momento y sin previo aviso. En caso de cancelaci\u00f3n por nuestra parte, te ofreceremos un reembolso o cr\u00e9dito por el monto correspondiente. Las solicitudes de reembolso por parte de los usuarios deben cumplir con nuestras pol\u00edticas de reembolso, las cuales pueden estar sujetas a ciertas condiciones y restricciones.<\/p><p>6. Limitaci\u00f3n de Responsabilidad<\/p><p>En ning\u00fan caso seremos responsables de ning\u00fan da\u00f1o directo, indirecto, incidental, especial o consecuente que surja del uso o la imposibilidad de utilizar nuestra plataforma, incluidos, entre otros, da\u00f1os por p\u00e9rdida de beneficios, p\u00e9rdida de datos o interrupci\u00f3n del negocio, incluso si hemos sido advertidos de la posibilidad de tales da\u00f1os.<\/p><p>7. Modificaciones a los T\u00e9rminos y Condiciones<\/p><p>Nos reservamos el derecho de modificar estos t\u00e9rminos y condiciones en cualquier momento y sin previo aviso. Se te notificar\u00e1 cualquier cambio mediante la publicaci\u00f3n de los t\u00e9rminos y condiciones actualizados en la plataforma. El uso continuado de la plataforma despu\u00e9s de la publicaci\u00f3n de los cambios constituir\u00e1 tu aceptaci\u00f3n de dichos cambios.<\/p><p>8. Ley Aplicable<\/p><p>Estos t\u00e9rminos y condiciones se regir\u00e1n e interpretar\u00e1n de acuerdo con las leyes del Argentina y cualquier disputa que surja en relaci\u00f3n con estos t\u00e9rminos y condiciones estar\u00e1 sujeta a la jurisdicci\u00f3n exclusiva de los tribunales de la Rep\u00fablica Argentina.<\/p><p>Al utilizar nuestra plataforma de cursos online, aceptas cumplir con estos t\u00e9rminos y condiciones. Si tienes alguna pregunta o inquietud sobre estos t\u00e9rminos, por favor cont\u00e1ctanos a info@openlab.com.ar.<\/p><p>Fecha de vigencia:\u00a0enero\u00a02024.<\/p>\t\t\t\t\t\t\t\t<\/div>\n\t\t\t\t<\/div>\n\t\t\t\t\t<\/div>\n\t\t\t\t<\/div>\n\t\t\t\t<\/div>\n\t\t","protected":false},"excerpt":{"rendered":"<p>T\u00e9rminos y Condiciones de Uso de la Plataforma de Cursos Online 1. Aceptaci\u00f3n de los T\u00e9rminos Al acceder<\/p>\n","protected":false},"author":2,"featured_media":0,"parent":0,"menu_order":0,"comment_status":"closed","ping_status":"closed","template":"","meta":{"qubely_global_settings":"","qubely_interactions":"","_tutorstarter_page_metadata":[],"footnotes":""},"class_list":["post-3623","page","type-page","status-publish","hentry"],"jetpack_sharing_enabled":true,"_links":{"self":[{"href":"https:\/\/openlab.com.ar\/evo\/wp-json\/wp\/v2\/pages\/3623","targetHints":{"allow":["GET"]}}],"collection":[{"href":"https:\/\/openlab.com.ar\/evo\/wp-json\/wp\/v2\/pages"}],"about":[{"href":"https:\/\/openlab.com.ar\/evo\/wp-json\/wp\/v2\/types\/page"}],"author":[{"embeddable":true,"href":"https:\/\/openlab.com.ar\/evo\/wp-json\/wp\/v2\/users\/2"}],"replies":[{"embeddable":true,"href":"https:\/\/openlab.com.ar\/evo\/wp-json\/wp\/v2\/comments?post=3623"}],"version-history":[{"count":12,"href":"https:\/\/openlab.com.ar\/evo\/wp-json\/wp\/v2\/pages\/3623\/revisions"}],"predecessor-version":[{"id":4317,"href":"https:\/\/openlab.com.ar\/evo\/wp-json\/wp\/v2\/pages\/3623\/revisions\/4317"}],"wp:attachment":[{"href":"https:\/\/openlab.com.ar\/evo\/wp-json\/wp\/v2\/media?parent=3623"}],"curies":[{"name":"wp","href":"https:\/\/api.w.org\/{rel}","templated":true}]}}